{"id":27,"date":"2017-09-05T11:45:54","date_gmt":"2017-09-05T09:45:54","guid":{"rendered":"http:\/\/nvz.eyellusion.ch\/nvz\/?page_id=27"},"modified":"2019-01-14T11:39:31","modified_gmt":"2019-01-14T10:39:31","slug":"links","status":"publish","type":"page","link":"https:\/\/nvz-ch.org\/?page_id=27","title":{"rendered":"Links"},"content":{"rendered":"<h3>1. Gesellschaften und Vereine:<\/h3>\n<table border=\"0\" width=\"563\">\n<tbody>\n<tr>\n<td width=\"360\">Schweizerische Numismatische Gesellschaft<\/td>\n<td width=\"193\"><a href=\"http:\/\/www.numisuisse.ch\/\" target=\"_blank\" rel=\"noopener\">www.numisuisse.ch<\/a><\/td>\n<\/tr>\n<tr>\n<td>Verband Schweizerischer M\u00fcnzh\u00e4ndler<\/td>\n<td><a href=\"https:\/\/www.vsbn.ch\/\" target=\"_blank\" rel=\"noopener\">www.vsbn.ch<\/a><\/td>\n<\/tr>\n<tr>\n<td>Liechtensteinischer Numismatischer Zirkel<\/td>\n<td><a href=\"http:\/\/www.numismatik-lnz.li\/\" target=\"_blank\" rel=\"noopener\">www.numismatik-lnz.li<\/a><\/td>\n<\/tr>\n<tr>\n<td>Numismatischer Verein Bern<\/td>\n<td><a href=\"http:\/\/www.numisbern.ch\/\" target=\"_blank\" rel=\"noopener\">www.numisbern.ch<\/a><\/td>\n<\/tr>\n<\/tbody>\n<\/table>\n<p><u><span style=\"color: #0066cc;\"><br \/>\n<\/span><\/u>2. Museen:<\/p>\n<table border=\"0\" width=\"563\">\n<tbody>\n<tr>\n<td width=\"360\">Virtuelles Money Museum<\/td>\n<td width=\"193\"><a href=\"http:\/\/www.moneymuseum.com\/\" target=\"_blank\" rel=\"noopener\">www.moneymuseum.com<\/a><\/td>\n<\/tr>\n<tr>\n<td>M\u00fcnzkabinett Winterthur<\/td>\n<td><a href=\"http:\/\/www.muenzkabinett.ch\/\" target=\"_blank\" rel=\"noopener\">www.muenzkabinett.ch <\/a><\/td>\n<\/tr>\n<\/tbody>\n<\/table>\n<p><u><span style=\"color: #0066cc;\"><br \/>\n<\/span><\/u>3. Zeitschriften:<\/p>\n<table border=\"0\" width=\"563\">\n<tbody>\n<tr>\n<td width=\"360\">NumisPost<\/td>\n<td width=\"193\"><a href=\"http:\/\/www.numis-online.ch\/\" target=\"_blank\" rel=\"noopener\">www.numis-online.ch<\/a><\/td>\n<\/tr>\n<tr>\n<td>M\u00fcnzen Revue<\/td>\n<td><a href=\"http:\/\/www.gietl-verlag.de\/\" target=\"_blank\" rel=\"noopener\">www.gietl-verlag.de<\/a><\/td>\n<\/tr>\n<tr>\n<td>Money Trend<\/td>\n<td><a href=\"http:\/\/www.moneytrend.at\/\" target=\"_blank\" rel=\"noopener\">www.moneytrend.at <\/a><\/td>\n<\/tr>\n<\/tbody>\n<\/table>\n<p><u><span style=\"color: #0066cc;\"><br \/>\n<\/span><\/u>4. M\u00fcnzhandlungen und Auktionsfirmen:<\/p>\n<table border=\"0\" width=\"563\">\n<tbody>\n<tr>\n<td width=\"360\">Sincona AG, Z\u00fcrich<\/td>\n<td width=\"193\"><a href=\"http:\/\/www.sincona.com\/\" target=\"_blank\" rel=\"noopener\">www.sincona.com<\/a><\/td>\n<\/tr>\n<tr>\n<td width=\"360\">Leu Numismatik AG, Winterthur<\/td>\n<td width=\"193\"><a href=\"http:\/\/www.leunumismatik.com\/\" target=\"_blank\" rel=\"noopener\">www.leunumismatik.com<\/a><\/td>\n<\/tr>\n<tr>\n<td>E. Dietrich AG, Z\u00fcrich<\/td>\n<td><a href=\"http:\/\/www.numismatik.ch\/\" target=\"_blank\" rel=\"noopener\">www.numismatik.ch<\/a><\/td>\n<\/tr>\n<tr>\n<td>M. H\u00e4berling Numismatik Z\u00fcrich<\/td>\n<td><a href=\"http:\/\/www.swisscoin.ch\/\" target=\"_blank\" rel=\"noopener\">www.swisscoin.ch<\/a><\/td>\n<\/tr>\n<tr>\n<td>Hess-Divo AG, Z\u00fcrich<\/td>\n<td><a href=\"http:\/\/www.hessdivo.com\/\" target=\"_blank\" rel=\"noopener\">www.hessdivo.com<\/a><\/td>\n<\/tr>\n<tr>\n<td>Nomos AG, Z\u00fcrich<\/td>\n<td><a href=\"http:\/\/www.nomosag.com\/\" target=\"_blank\" rel=\"noopener\">www.nomosag.com<\/a><\/td>\n<\/tr>\n<tr>\n<td>Numismatica Ars Classica NAC AG, Z\u00fcrich<\/td>\n<td><a href=\"http:\/\/www.arsclassicacoins.com\/\" target=\"_blank\" rel=\"noopener\">www.arsclassicacoins.com<\/a><\/td>\n<\/tr>\n<\/tbody>\n<\/table>\n","protected":false},"excerpt":{"rendered":"<p>1. Gesellschaften und Vereine: Schweizerische Numismatische Gesellschaft www.numisuisse.ch Verband Schweizerischer M\u00fcnzh\u00e4ndler www.vsbn.ch Liechtensteinischer Numismatischer Zirkel www.numismatik-lnz.li Numismatischer Verein Bern www.numisbern.ch 2. Museen: Virtuelles Money Museum www.moneymuseum.com M\u00fcnzkabinett Winterthur www.muenzkabinett.ch 3. Zeitschriften: NumisPost www.numis-online.ch M\u00fcnzen Revue www.gietl-verlag.de Money Trend www.moneytrend.at 4. M\u00fcnzhandlungen und Auktionsfirmen: Sincona AG, Z\u00fcrich www.sincona.com Leu Numismatik AG, Winterthur www.leunumismatik.com E. Dietrich AG, &hellip; <\/p>\n<p class=\"link-more\"><a href=\"https:\/\/nvz-ch.org\/?page_id=27\" class=\"more-link\"><span class=\"screen-reader-text\">&#171;Links&#187;<\/span> weiterlesen<\/a><\/p>\n","protected":false},"author":1,"featured_media":0,"parent":0,"menu_order":0,"comment_status":"closed","ping_status":"closed","template":"","meta":[],"_links":{"self":[{"href":"https:\/\/nvz-ch.org\/index.php?rest_route=\/wp\/v2\/pages\/27"}],"collection":[{"href":"https:\/\/nvz-ch.org\/index.php?rest_route=\/wp\/v2\/pages"}],"about":[{"href":"https:\/\/nvz-ch.org\/index.php?rest_route=\/wp\/v2\/types\/page"}],"author":[{"embeddable":true,"href":"https:\/\/nvz-ch.org\/index.php?rest_route=\/wp\/v2\/users\/1"}],"replies":[{"embeddable":true,"href":"https:\/\/nvz-ch.org\/index.php?rest_route=%2Fwp%2Fv2%2Fcomments&post=27"}],"version-history":[{"count":3,"href":"https:\/\/nvz-ch.org\/index.php?rest_route=\/wp\/v2\/pages\/27\/revisions"}],"predecessor-version":[{"id":496,"href":"https:\/\/nvz-ch.org\/index.php?rest_route=\/wp\/v2\/pages\/27\/revisions\/496"}],"wp:attachment":[{"href":"https:\/\/nvz-ch.org\/index.php?rest_route=%2Fwp%2Fv2%2Fmedia&parent=27"}],"curies":[{"name":"wp","href":"https:\/\/api.w.org\/{rel}","templated":true}]}}