{"id":13,"date":"2017-09-05T11:40:10","date_gmt":"2017-09-05T09:40:10","guid":{"rendered":"http:\/\/nvz.eyellusion.ch\/nvz\/?page_id=13"},"modified":"2025-04-21T16:36:00","modified_gmt":"2025-04-21T14:36:00","slug":"vorstand","status":"publish","type":"page","link":"https:\/\/nvz-ch.org\/?page_id=13","title":{"rendered":"Vorstand"},"content":{"rendered":"<p>Die Verantwortlichen des Numismatischen Vereins Z\u00fcrich. Hier finden Sie die wichtigsten E-Mail Adressen.<\/p>\n<h3>Pr\u00e4sident:<\/h3>\n<p>Dr. Ruedi Kunzmann, Postfach, 8304 Wallisellen<br \/>\nEmail: <a href=\"mailto:r.kunzmann@bluewin.ch\">Ruedi Kunzmann<\/a><\/p>\n<h3>Vizepr\u00e4sident:<\/h3>\n<p>J\u00fcrg Richter<br \/>\nEmail: <a href=\"mailto:richter1@bluewin.ch\">J\u00fcrg Richter<\/a><\/p>\n<h3>Sekret\u00e4r:<\/h3>\n<p>Stefan Pozzi<br \/>\nEmail: <a href=\"mailto:s.pozzi54@gmx.ch\">Stefan Pozzi<\/a><\/p>\n<h3>Kassier:<\/h3>\n<p>Michael Hardmeier<br \/>\nEmail: <a href=\"mailto:kassier@nvz-ch.org\">Michael Hardmeier<\/a><\/p>\n<h3>Protokolle:<\/h3>\n<p>Michael Zagorowski<br \/>\nEmail: <a href=\"mailto:michael.zagorowski@ubs.com\">Michael Zagorowski<\/a><\/p>\n<h3>Werbung NumisPost:<\/h3>\n<p>Ruth Niedermann<br \/>\nEmail: <a href=\"mailto:info@numis-online.ch\">Ruth Niedermann<\/a><\/p>\n<h3>Organisation Int. M\u00fcnzenmesse Z\u00fcrich:<\/h3>\n<p>Thomas Gilgen<br \/>\nEmail: <a href=\"mailto:tgilgen@yetnet.ch\">Thomas Gilgen<\/a><\/p>\n<h3>Organisation Basler M\u00fcnzenmesse:<\/h3>\n<p>Beno\u00eet Sch\u00f6ni<br \/>\nEmail: <a href=\"mailto:benoit.schoeni@sincona-trading.com\">Beno\u00eet Sch\u00f6ni<\/a><\/p>\n<h3>Website:<\/h3>\n<p>Yves Gunzenreiner<br \/>\nEmail: <a href=\"mailto:ygunzenreiner@leunumismatik.com\">Yves Gunzenreiner<\/a><\/p>\n<h3>Revisoren:<\/h3>\n<p>Dr. Piotr Tomczyk<br \/>\nKurt Schraag<\/p>\n<p>Haben Sie spezielle Fragen? Wir helfen Ihnen gerne weiter!<\/p>\n","protected":false},"excerpt":{"rendered":"<p>Die Verantwortlichen des Numismatischen Vereins Z\u00fcrich. Hier finden Sie die wichtigsten E-Mail Adressen. Pr\u00e4sident: Dr. Ruedi Kunzmann, Postfach, 8304 Wallisellen Email: Ruedi Kunzmann Vizepr\u00e4sident: J\u00fcrg Richter Email: J\u00fcrg Richter Sekret\u00e4r: Stefan Pozzi Email: Stefan Pozzi Kassier: Michael Hardmeier Email: Michael Hardmeier Protokolle: Michael Zagorowski Email: Michael Zagorowski Werbung NumisPost: Ruth Niedermann Email: Ruth Niedermann Organisation &hellip; <\/p>\n<p class=\"link-more\"><a href=\"https:\/\/nvz-ch.org\/?page_id=13\" class=\"more-link\"><span class=\"screen-reader-text\">&#171;Vorstand&#187;<\/span> weiterlesen<\/a><\/p>\n","protected":false},"author":1,"featured_media":0,"parent":0,"menu_order":0,"comment_status":"closed","ping_status":"closed","template":"","meta":[],"_links":{"self":[{"href":"https:\/\/nvz-ch.org\/index.php?rest_route=\/wp\/v2\/pages\/13"}],"collection":[{"href":"https:\/\/nvz-ch.org\/index.php?rest_route=\/wp\/v2\/pages"}],"about":[{"href":"https:\/\/nvz-ch.org\/index.php?rest_route=\/wp\/v2\/types\/page"}],"author":[{"embeddable":true,"href":"https:\/\/nvz-ch.org\/index.php?rest_route=\/wp\/v2\/users\/1"}],"replies":[{"embeddable":true,"href":"https:\/\/nvz-ch.org\/index.php?rest_route=%2Fwp%2Fv2%2Fcomments&post=13"}],"version-history":[{"count":11,"href":"https:\/\/nvz-ch.org\/index.php?rest_route=\/wp\/v2\/pages\/13\/revisions"}],"predecessor-version":[{"id":507,"href":"https:\/\/nvz-ch.org\/index.php?rest_route=\/wp\/v2\/pages\/13\/revisions\/507"}],"wp:attachment":[{"href":"https:\/\/nvz-ch.org\/index.php?rest_route=%2Fwp%2Fv2%2Fmedia&parent=13"}],"curies":[{"name":"wp","href":"https:\/\/api.w.org\/{rel}","templated":true}]}}