{"id":8,"date":"2017-09-05T11:37:16","date_gmt":"2017-09-05T09:37:16","guid":{"rendered":"http:\/\/nvz.eyellusion.ch\/nvz\/?page_id=8"},"modified":"2026-01-30T11:38:34","modified_gmt":"2026-01-30T10:38:34","slug":"home","status":"publish","type":"page","link":"http:\/\/nvz-ch.org\/","title":{"rendered":"Home"},"content":{"rendered":"<p><img decoding=\"async\" src=\"http:\/\/nvz-ch.org\/images\/foto2_small.jpg\" alt=\"Pr\u00e4sident NVZ\" \/><\/p>\n<h2>Willkommen zur 53. Basler M\u00fcnzenmesse vom 8. Februar 2026<\/h2>\n<p>Liebe Besucherinnen und Besucher,<br \/>\nLiebe Ausstellerinnen und Aussteller,<\/p>\n<p>Basel ist eine Reise wert! Das gilt nicht nur im numismatischen Sinn f\u00fcr Sonntag, den 8. Februar, sondern ganz allgemein f\u00fcr die sch\u00f6ne Stadt am Dreil\u00e4ndereck. Auch kulturell bietet Basel hervorragende M\u00f6glichkeiten, sich umzusehen und faszinieren zu lassen. Da zeigt zurzeit das Historische Museum Basel eine Ausstellung, welche gerade die geschichtlich Interessierten besonders anspricht: \u00abSchatzfunde versteckt, verschollen, entdeckt\u00bb.<\/p>\n<p>Wir haben deshalb das Team dieser Sonderausstellung gebeten, den Lesern der Numis-Post diese Schau \u00abgluschtig\u00bb zu machen. Unter den 25 Schatzfunden gibt es n\u00e4mlich Stories, welche die numismatisch<br \/>\nInteressierten besonders ansprechen. Machen Sie sich doch ein verl\u00e4ngertes Wochenende und stimmen Sie sich mit dem Besuch in der Barf\u00fcsserkirche im Herzen Basels auf die Thematik ein.<\/p>\n<p>Auch f\u00fcr dieses Jahr haben sich wieder viele treue Ausstellerinnen und Aussteller f\u00fcr die M\u00fcnzenmesse angemeldet, und ihre Angebote werden entsprechend attraktiv sein. Vergessen Sie also nicht, Ihre Notizen und Fehllisten mitzunehmen. Vielleicht versteckt sich gerade das seltene Objekt, welches Sie schon lange suchen, an einem der Ausstellertische.<\/p>\n<p>Wir freuen uns auf Ihren Besuch, seien Sie unsere G\u00e4ste!<\/p>\n<p>Dr. Ruedi Kunzmann<br \/>\nOrganisation Basler M\u00fcnzenmesse und Pr\u00e4sident des Numismatischen Vereins Z\u00fcrich<\/p>\n<h2><\/h2>\n<h2>Der Numismatische Verein Z\u00fcrich (NVZ)<\/h2>\n<p>Liebe M\u00fcnzbegeisterte auf der ganzen Welt,<\/p>\n<p>herzlich willkommen beim Numismatischen Verein Z\u00fcrich. Ihre Wahl ist damit auf den gr\u00f6ssten und wahrscheinlich auch aktivsten M\u00fcnzenverein der Schweiz gefallen, und wir hoffen, Sie f\u00fchlen sich bei uns sehr bald wohl im Kreis gleichgesinnter Freunde.<\/p>\n<p>Unser Verein wurde am 22. November 1973 durch den Zusammenschluss der drei Vereine Z\u00fcrich-Land, Forch und Umgebung und Z\u00fcrich gegr\u00fcndet. Bereits im Oktober 1972 hatten diese drei Vereine gemeinsam die erste Internationale M\u00fcnzenb\u00f6rse organisiert, ein Ereignis, welches noch heute einen H\u00f6hepunkt im jeweiligen Vereinsjahr darstellt.<\/p>\n<p>Ein Verein lebt von den gemeinsamen Interessen seiner Mitglieder und den gegenseitigen Kontakten. Deshalb treffen sich die Mitglieder\u00a0 regel\u00adm\u00e4s\u00adsig am Sonn\u00adtagmorgen ab 08.00 Uhr im Restaurant Eyhof, Triemlistrasse 183, Z\u00fcrich, wo eifrig diskutiert wird, M\u00fcnzen gezeigt, bestimmt und getauscht werden, also genau das, was der Sammler sich w\u00fcnscht. Kommen Sie doch vorbei, wir freuen uns darauf.<\/p>\n<p>Als weitere Aktivit\u00e4ten unseres Vereins m\u00fcssen auf jeden Fall auch noch der allj\u00e4hrlich stattfindende Vereinsausflug erw\u00e4hnt werden und das grosse Sammler- und Tauschtreffen anl\u00e4sslich der Generalversammlung.<\/p>\n<p>In der NUMIS-POST, unserem Vereinsorgan, welches Ihnen als registriertes Mitglied regelm\u00e4ssig alle Monate zugestellt wird, finden Sie die wichtigsten Informationen \u00fcber unsere Veranstaltungen. Sie sind herzlich eingeladen, aktiv mitzumachen.<\/p>\n<p>Freundliche Gr\u00fcsse<\/p>\n<p>Dr. Ruedi Kunzmann<br \/>\nPr\u00e4sident des NVZ<\/p>\n","protected":false},"excerpt":{"rendered":"<p>Willkommen zur 53. Basler M\u00fcnzenmesse vom 8. Februar 2026 Liebe Besucherinnen und Besucher, Liebe Ausstellerinnen und Aussteller, Basel ist eine Reise wert! Das gilt nicht nur im numismatischen Sinn f\u00fcr Sonntag, den 8. Februar, sondern ganz allgemein f\u00fcr die sch\u00f6ne Stadt am Dreil\u00e4ndereck. Auch kulturell bietet Basel hervorragende M\u00f6glichkeiten, sich umzusehen und faszinieren zu lassen. &hellip; <\/p>\n<p class=\"link-more\"><a href=\"http:\/\/nvz-ch.org\/\" class=\"more-link\"><span class=\"screen-reader-text\">&#171;Home&#187;<\/span> weiterlesen<\/a><\/p>\n","protected":false},"author":1,"featured_media":0,"parent":0,"menu_order":0,"comment_status":"closed","ping_status":"closed","template":"","meta":[],"_links":{"self":[{"href":"http:\/\/nvz-ch.org\/index.php?rest_route=\/wp\/v2\/pages\/8"}],"collection":[{"href":"http:\/\/nvz-ch.org\/index.php?rest_route=\/wp\/v2\/pages"}],"about":[{"href":"http:\/\/nvz-ch.org\/index.php?rest_route=\/wp\/v2\/types\/page"}],"author":[{"embeddable":true,"href":"http:\/\/nvz-ch.org\/index.php?rest_route=\/wp\/v2\/users\/1"}],"replies":[{"embeddable":true,"href":"http:\/\/nvz-ch.org\/index.php?rest_route=%2Fwp%2Fv2%2Fcomments&post=8"}],"version-history":[{"count":26,"href":"http:\/\/nvz-ch.org\/index.php?rest_route=\/wp\/v2\/pages\/8\/revisions"}],"predecessor-version":[{"id":565,"href":"http:\/\/nvz-ch.org\/index.php?rest_route=\/wp\/v2\/pages\/8\/revisions\/565"}],"wp:attachment":[{"href":"http:\/\/nvz-ch.org\/index.php?rest_route=%2Fwp%2Fv2%2Fmedia&parent=8"}],"curies":[{"name":"wp","href":"https:\/\/api.w.org\/{rel}","templated":true}]}}