{"id":37,"date":"2017-09-05T11:48:15","date_gmt":"2017-09-05T09:48:15","guid":{"rendered":"http:\/\/nvz.eyellusion.ch\/nvz\/?page_id=37"},"modified":"2017-09-05T11:48:15","modified_gmt":"2017-09-05T09:48:15","slug":"ueber-das-muenzensammeln","status":"publish","type":"page","link":"http:\/\/nvz-ch.org\/?page_id=37","title":{"rendered":"\u00dcber das M\u00fcnzensammeln"},"content":{"rendered":"<p>M\u00fcnzensammeln ist eines der interessantesten Hobbys. Die Besch\u00e4ftigung mit Geldobjekten f\u00fchrt zu vielen Erkenntnissen, mit denen man sich von der grauen Masse der \u201ehobbylosen\u201c Zeitgenossen positiv abhebt. M\u00fcnzensammeln f\u00f6rdert das Wissen \u00fcber allgemeine Geschichte (M\u00fcnzen der Antike, der R\u00f6mer, der Kreuzfahrer etc.), in Geographie (L\u00e4ndersammlungen), von Kultur und Kunst (Medaillen), der Wirtschaft (Inflationsgeld, Notgeld), von Fauna und Flora (Tier- und Pflanzenmotive auf M\u00fcnzen), Architektur (St\u00e4dtem\u00fcnzen, Geb\u00e4ude, Br\u00fccken), Bergbau und Metallurgie und so weiter. Die Numismatik gilt zwar als Hilfswissenschaft, aber wie man sieht, kommen viele Forschungsrichtungen ohne sie nicht aus.<\/p>\n<h3>Gut zu wissen (und nicht zu vergessen)!<\/h3>\n<p>M\u00fcnzensammeln kostet wie jedes andere Hobby Geld. Im Gegensatz zu vielen anderen Freizeitbesch\u00e4ftigungen bleibt am Ende jedoch ein sch\u00f6nes Ergebnis, n\u00e4mlich das erworbene Wissen, der Besitz einer M\u00fcnze und das Kennenlernen Gleichgesinnter, also etwas Fassbares, das \u00fcberdauert. Ohne pers\u00f6nlichen Aufwand kann M\u00fcnzensammeln aber nicht betrieben werden, denn man muss sich Literatur besorgen, Wissen aneignen, vielleicht einem Sammlerclub beitreten.<\/p>\n<h3>Achtung bitte beachten!<\/h3>\n<p>Wer zu sammeln beginnt, sollte den ersten Gedanken, dass dabei noch ein Gewinn herausschauen k\u00f6nnte, schnellstm\u00f6glich beiseite legen. Selbst viel Erfahrung und beharrliche Weiterbildung sind keine Garantie daf\u00fcr, dass eine Sammlung Jahre sp\u00e4ter zu H\u00f6chstpreisen wieder verkauft werden kann, denn auch die Numismatik unterliegt Trends und gewissen konjunkturbedingten Schwankungen.<\/p>\n<h3>Wie sammelt man eigentlich mit System?<\/h3>\n<p>Wer mit M\u00fcnzensammlen beginnt, sollte vorher vieles bedenken.<\/p>\n<p>1. Was interessiert mich eigentlich und daraus folgernd, was k\u00f6nnte f\u00fcr mich ein Sammelgebiet werden? Viele M\u00fcnzenfreunde beginnen eine Zusammenstellung mit St\u00fccken ihres Landes. Meistens sind das M\u00fcnzen, zu denen man eine Beziehung hat, die nicht allzu sehr aufs Portemonnaie dr\u00fccken und auf die man nicht jahrelang warten muss. So entwickelt sich bald einmal eine ansehnliche Kollektion, auf die man stolz sein kann. Jemand, der viel reist, entwickelt Interesse \u00fcber ein bestimmtes Land oder Volk. Der Weg zu einer Spezialsammlung dieses Kulturkreises ist pl\u00f6tzlich offen.<\/p>\n<p>2. Das Wissen um die verschiedenen Erhaltungsgrade ist sehr wichtig, denn es gilt der Leitsatz: Wenn man von einer M\u00fcnze ein Exemplar in sehr sch\u00f6n aber auch in Stempelglanz erwerben kann, so spart man lieber etwas l\u00e4nger und freut sich sp\u00e4ter um so mehr an dem aussergew\u00f6hnlichen St\u00fcck. H\u00e4nde weg von besch\u00e4digten, gefassten, gehenkelten, gelochten, zerkratzten und verbogenen M\u00fcnzen!<\/p>\n<p>3. Wie bewahrt man seine Sammlung eigentlich auf? Wie reiht man die St\u00fccke am besten ein, und wie schreibt man sie eigentlich an? Der M\u00fcnzenfachhandel gibt gerne Anleitung und Informationen.<\/p>\n<p>4. Was ist eine Patina und was ist Verunreinigung? Ohne grosse Fachkenntnisse soll man nie M\u00fcnzen putzen, denn meistens macht man da schlimme Fehler, die den Wert des St\u00fccks vielleicht f\u00fcr immer mindern.<\/p>\n<p>5. Wo finde ich seri\u00f6se Informationen und Kontakte? Es ist sehr wertvoll, weitere Sammler, seri\u00f6se H\u00e4ndler und manchmal auch Wissenschafter kennen zu lernen, die Fragen beantworten k\u00f6nnen. Unter der Rubrik Links finden Sie diverse Adressen.<\/p>\n<h3>Das rote Tuch (oder wovon man lieber die H\u00e4nde l\u00e4sst)!<\/h3>\n<p>Aufgepasst vor allzu verlockenden Angeboten; sie k\u00f6nnten Ihnen \u00c4rger oder Verdruss verschaffen.<\/p>\n<p>&#8211; Wenn Ihnen auf einer Ferienreise ein fliegender H\u00e4ndler (wenn m\u00f6glich im Fl\u00fcsterton und hinter vorgehaltener Hand) eine rare antike oder eine \u00fcber hundert Jahre alte M\u00fcnze auf einem Tr\u00f6dlermarkt anbietet, so wissen Sie als gewiefter M\u00fcnzenfreund, dass es sich hundertprozentig um eine F\u00e4lschung handelt.<\/p>\n<p>&#8211; Vorsicht muss man aber auch walten lassen, wenn in einer Fernsehwerbung M\u00fcnzen angeboten werden, von denen eine phantastische Wertsteigerung zu erwarten sei. Ebenso verd\u00e4chtig k\u00f6nnen Briefangebote sein, welche sich nur an \u201etreue Kunden\u201c wenden und davon sprechen, dass gerade Sie f\u00fcr ein Angebot auserw\u00e4hlt wurden. Werden Sie hellh\u00f6rig, wenn man just Ihnen M\u00fcnzen von \u201elimitierter Auflage\u201c anbietet und auch hier den Wert garantiert! An solch verlockender Ware verdient in der Regel nur der Anbieter, selten aber der Kunde.<\/p>\n<h3>Da finden Sie Freunde und Gleichgesinnte!<\/h3>\n<p>Verschiedene Numismatische Vereine in der Schweiz (und in anderen L\u00e4ndern) bieten Kontakte an. Nutzen Sie sie, und Sie werden in K\u00fcrze neue Freunde gewinnen. Gr\u00f6ssere numismatische Vereinigungen gibt es in unserem Land in Z\u00fcrich (Numismatischer Verein Z\u00fcrich), Bern (Numismatischer Verein Bern), Basel (Circulus Numsimaticus Basiliensis) und Genf (Societ\u00e9 Genevoise de Numismatique).<\/p>\n<p>Viele seri\u00f6se M\u00fcnzenh\u00e4ndler unseres Landes sind dem Verband Schweizerischer M\u00fcnzenh\u00e4ndler angeschlossen. Ihre fachliche Unterst\u00fctzung f\u00fchrt oftmals zu einem wertvollen Vertrauensverh\u00e4ltnis zwischen Sammler und Handel.<\/p>\n","protected":false},"excerpt":{"rendered":"<p>M\u00fcnzensammeln ist eines der interessantesten Hobbys. Die Besch\u00e4ftigung mit Geldobjekten f\u00fchrt zu vielen Erkenntnissen, mit denen man sich von der grauen Masse der \u201ehobbylosen\u201c Zeitgenossen positiv abhebt. M\u00fcnzensammeln f\u00f6rdert das Wissen \u00fcber allgemeine Geschichte (M\u00fcnzen der Antike, der R\u00f6mer, der Kreuzfahrer etc.), in Geographie (L\u00e4ndersammlungen), von Kultur und Kunst (Medaillen), der Wirtschaft (Inflationsgeld, Notgeld), von &hellip; <\/p>\n<p class=\"link-more\"><a href=\"http:\/\/nvz-ch.org\/?page_id=37\" class=\"more-link\"><span class=\"screen-reader-text\">&#171;\u00dcber das M\u00fcnzensammeln&#187;<\/span> weiterlesen<\/a><\/p>\n","protected":false},"author":1,"featured_media":0,"parent":0,"menu_order":0,"comment_status":"closed","ping_status":"closed","template":"","meta":[],"_links":{"self":[{"href":"http:\/\/nvz-ch.org\/index.php?rest_route=\/wp\/v2\/pages\/37"}],"collection":[{"href":"http:\/\/nvz-ch.org\/index.php?rest_route=\/wp\/v2\/pages"}],"about":[{"href":"http:\/\/nvz-ch.org\/index.php?rest_route=\/wp\/v2\/types\/page"}],"author":[{"embeddable":true,"href":"http:\/\/nvz-ch.org\/index.php?rest_route=\/wp\/v2\/users\/1"}],"replies":[{"embeddable":true,"href":"http:\/\/nvz-ch.org\/index.php?rest_route=%2Fwp%2Fv2%2Fcomments&post=37"}],"version-history":[{"count":1,"href":"http:\/\/nvz-ch.org\/index.php?rest_route=\/wp\/v2\/pages\/37\/revisions"}],"predecessor-version":[{"id":38,"href":"http:\/\/nvz-ch.org\/index.php?rest_route=\/wp\/v2\/pages\/37\/revisions\/38"}],"wp:attachment":[{"href":"http:\/\/nvz-ch.org\/index.php?rest_route=%2Fwp%2Fv2%2Fmedia&parent=37"}],"curies":[{"name":"wp","href":"https:\/\/api.w.org\/{rel}","templated":true}]}}