{"id":31,"date":"2017-09-05T11:47:09","date_gmt":"2017-09-05T09:47:09","guid":{"rendered":"http:\/\/nvz.eyellusion.ch\/nvz\/?page_id=31"},"modified":"2026-01-30T11:31:48","modified_gmt":"2026-01-30T10:31:48","slug":"basler-muenzenmesse","status":"publish","type":"page","link":"http:\/\/nvz-ch.org\/?page_id=31","title":{"rendered":"Basler M\u00fcnzenmesse"},"content":{"rendered":"<h2>53. Basler M\u00fcnzenmesse: 8. Februar 2026, 9.00-16.00 Uhr, Congress Center Basel<\/h2>\n<p>Eintrittspreis: 10.- CHF (f\u00fcr NVZ-Mitglieder gratis)<br \/>\nEarly bird ticket (ab 7.30 Uhr): 100.- CHF (f\u00fcr NVZ-Mitglieder 50.- CHF)<\/p>\n<p><a href=\"http:\/\/nvz-ch.org\/wp-content\/uploads\/2026\/01\/Basel_Teilnehmerliste-28-1-2026.pdf\">Teilnehmerliste<\/a><\/p>\n<p><a href=\"http:\/\/nvz-ch.org\/wp-content\/uploads\/2026\/01\/Basel_Tischplan-28-1-2026.pdf\">Tischplan<\/a><\/p>\n<p><a href=\"http:\/\/nvz-ch.org\/wp-content\/uploads\/2026\/01\/Basel_Grusswort.pdf\">Grusswort<\/a><\/p>\n<p><a href=\"http:\/\/nvz-ch.org\/wp-content\/uploads\/2025\/11\/Flyer.pdf\">Flyer<\/a><\/p>\n<p><img decoding=\"async\" loading=\"lazy\" class=\"alignnone size-medium wp-image-118\" src=\"http:\/\/nvz-ch.org\/wp-content\/uploads\/2017\/09\/05071q00-300x151.jpg\" alt=\"\" width=\"300\" height=\"151\" srcset=\"http:\/\/nvz-ch.org\/wp-content\/uploads\/2017\/09\/05071q00-300x151.jpg 300w, http:\/\/nvz-ch.org\/wp-content\/uploads\/2017\/09\/05071q00-768x387.jpg 768w, http:\/\/nvz-ch.org\/wp-content\/uploads\/2017\/09\/05071q00-1024x516.jpg 1024w, http:\/\/nvz-ch.org\/wp-content\/uploads\/2017\/09\/05071q00-2000x1016.jpg 2000w, http:\/\/nvz-ch.org\/wp-content\/uploads\/2017\/09\/05071q00.jpg 2016w\" sizes=\"(max-width: 300px) 100vw, 300px\" \/><\/p>\n<p><img decoding=\"async\" loading=\"lazy\" class=\"alignnone size-medium wp-image-123\" style=\"font-size: 1rem;\" src=\"http:\/\/nvz-ch.org\/wp-content\/uploads\/2017\/09\/04423a00-300x190.jpg\" alt=\"\" width=\"300\" height=\"190\" srcset=\"http:\/\/nvz-ch.org\/wp-content\/uploads\/2017\/09\/04423a00-300x190.jpg 300w, http:\/\/nvz-ch.org\/wp-content\/uploads\/2017\/09\/04423a00-768x487.jpg 768w, http:\/\/nvz-ch.org\/wp-content\/uploads\/2017\/09\/04423a00-1024x649.jpg 1024w, http:\/\/nvz-ch.org\/wp-content\/uploads\/2017\/09\/04423a00.jpg 1528w\" sizes=\"(max-width: 300px) 100vw, 300px\" \/><\/p>\n","protected":false},"excerpt":{"rendered":"<p>53. Basler M\u00fcnzenmesse: 8. Februar 2026, 9.00-16.00 Uhr, Congress Center Basel Eintrittspreis: 10.- CHF (f\u00fcr NVZ-Mitglieder gratis) Early bird ticket (ab 7.30 Uhr): 100.- CHF (f\u00fcr NVZ-Mitglieder 50.- CHF) Teilnehmerliste Tischplan Grusswort Flyer<\/p>\n","protected":false},"author":1,"featured_media":0,"parent":0,"menu_order":0,"comment_status":"closed","ping_status":"closed","template":"","meta":[],"_links":{"self":[{"href":"http:\/\/nvz-ch.org\/index.php?rest_route=\/wp\/v2\/pages\/31"}],"collection":[{"href":"http:\/\/nvz-ch.org\/index.php?rest_route=\/wp\/v2\/pages"}],"about":[{"href":"http:\/\/nvz-ch.org\/index.php?rest_route=\/wp\/v2\/types\/page"}],"author":[{"embeddable":true,"href":"http:\/\/nvz-ch.org\/index.php?rest_route=\/wp\/v2\/users\/1"}],"replies":[{"embeddable":true,"href":"http:\/\/nvz-ch.org\/index.php?rest_route=%2Fwp%2Fv2%2Fcomments&post=31"}],"version-history":[{"count":52,"href":"http:\/\/nvz-ch.org\/index.php?rest_route=\/wp\/v2\/pages\/31\/revisions"}],"predecessor-version":[{"id":563,"href":"http:\/\/nvz-ch.org\/index.php?rest_route=\/wp\/v2\/pages\/31\/revisions\/563"}],"wp:attachment":[{"href":"http:\/\/nvz-ch.org\/index.php?rest_route=%2Fwp%2Fv2%2Fmedia&parent=31"}],"curies":[{"name":"wp","href":"https:\/\/api.w.org\/{rel}","templated":true}]}}