{"id":238,"date":"2021-05-03T17:37:04","date_gmt":"2021-05-03T15:37:04","guid":{"rendered":"http:\/\/nvz-ch.org\/?page_id=238"},"modified":"2023-01-19T23:12:35","modified_gmt":"2023-01-19T22:12:35","slug":"sonntaeglicher-treffpunkt","status":"publish","type":"page","link":"http:\/\/nvz-ch.org\/?page_id=238","title":{"rendered":"Treffpunkt"},"content":{"rendered":"<p><strong>Treffpunkt Numismatischer Verein Z\u00fcrich im Triemli<\/strong><\/p>\n<p>Jeden Sonntag Treffen der M\u00fcnzenfreunde im Restaurant Ey-Hof (Triemlistrasse 183, 8047 Z\u00fcrich) von 09.00-10.30 Uhr<\/p>\n","protected":false},"excerpt":{"rendered":"<p>Treffpunkt Numismatischer Verein Z\u00fcrich im Triemli Jeden Sonntag Treffen der M\u00fcnzenfreunde im Restaurant Ey-Hof (Triemlistrasse 183, 8047 Z\u00fcrich) von 09.00-10.30 Uhr<\/p>\n","protected":false},"author":1,"featured_media":0,"parent":0,"menu_order":0,"comment_status":"closed","ping_status":"closed","template":"","meta":[],"_links":{"self":[{"href":"http:\/\/nvz-ch.org\/index.php?rest_route=\/wp\/v2\/pages\/238"}],"collection":[{"href":"http:\/\/nvz-ch.org\/index.php?rest_route=\/wp\/v2\/pages"}],"about":[{"href":"http:\/\/nvz-ch.org\/index.php?rest_route=\/wp\/v2\/types\/page"}],"author":[{"embeddable":true,"href":"http:\/\/nvz-ch.org\/index.php?rest_route=\/wp\/v2\/users\/1"}],"replies":[{"embeddable":true,"href":"http:\/\/nvz-ch.org\/index.php?rest_route=%2Fwp%2Fv2%2Fcomments&post=238"}],"version-history":[{"count":6,"href":"http:\/\/nvz-ch.org\/index.php?rest_route=\/wp\/v2\/pages\/238\/revisions"}],"predecessor-version":[{"id":367,"href":"http:\/\/nvz-ch.org\/index.php?rest_route=\/wp\/v2\/pages\/238\/revisions\/367"}],"wp:attachment":[{"href":"http:\/\/nvz-ch.org\/index.php?rest_route=%2Fwp%2Fv2%2Fmedia&parent=238"}],"curies":[{"name":"wp","href":"https:\/\/api.w.org\/{rel}","templated":true}]}}