{"id":23,"date":"2017-09-05T11:45:03","date_gmt":"2017-09-05T09:45:03","guid":{"rendered":"http:\/\/nvz.eyellusion.ch\/nvz\/?page_id=23"},"modified":"2025-10-15T22:19:30","modified_gmt":"2025-10-15T20:19:30","slug":"messekalender","status":"publish","type":"page","link":"http:\/\/nvz-ch.org\/?page_id=23","title":{"rendered":"Messekalender"},"content":{"rendered":"<h3>26. Oktober 2025<\/h3>\n<p>53. M\u00fcnzenmesse Z\u00fcrich<br \/>\nZ\u00fcrich Marriott Hotel<br \/>\nNeum\u00fchlequai 42<br \/>\n8006 Z\u00fcrich<br \/>\nTel. +41 44 360 70 70<\/p>\n<h3>8. Februar 2026<\/h3>\n<p>53. Basler M\u00fcnzenmesse<br \/>\nCongress Center Basel<br \/>\nMessegel\u00e4nde<br \/>\n4005 Basel<br \/>\nTel. +41 44 311 43 41<\/p>\n","protected":false},"excerpt":{"rendered":"<p>26. Oktober 2025 53. M\u00fcnzenmesse Z\u00fcrich Z\u00fcrich Marriott Hotel Neum\u00fchlequai 42 8006 Z\u00fcrich Tel. +41 44 360 70 70 8. Februar 2026 53. Basler M\u00fcnzenmesse Congress Center Basel Messegel\u00e4nde 4005 Basel Tel. +41 44 311 43 41<\/p>\n","protected":false},"author":1,"featured_media":0,"parent":0,"menu_order":0,"comment_status":"closed","ping_status":"closed","template":"","meta":[],"_links":{"self":[{"href":"http:\/\/nvz-ch.org\/index.php?rest_route=\/wp\/v2\/pages\/23"}],"collection":[{"href":"http:\/\/nvz-ch.org\/index.php?rest_route=\/wp\/v2\/pages"}],"about":[{"href":"http:\/\/nvz-ch.org\/index.php?rest_route=\/wp\/v2\/types\/page"}],"author":[{"embeddable":true,"href":"http:\/\/nvz-ch.org\/index.php?rest_route=\/wp\/v2\/users\/1"}],"replies":[{"embeddable":true,"href":"http:\/\/nvz-ch.org\/index.php?rest_route=%2Fwp%2Fv2%2Fcomments&post=23"}],"version-history":[{"count":28,"href":"http:\/\/nvz-ch.org\/index.php?rest_route=\/wp\/v2\/pages\/23\/revisions"}],"predecessor-version":[{"id":541,"href":"http:\/\/nvz-ch.org\/index.php?rest_route=\/wp\/v2\/pages\/23\/revisions\/541"}],"wp:attachment":[{"href":"http:\/\/nvz-ch.org\/index.php?rest_route=%2Fwp%2Fv2%2Fmedia&parent=23"}],"curies":[{"name":"wp","href":"https:\/\/api.w.org\/{rel}","templated":true}]}}