{"id":11,"date":"2017-09-05T11:39:31","date_gmt":"2017-09-05T09:39:31","guid":{"rendered":"http:\/\/nvz.eyellusion.ch\/nvz\/?page_id=11"},"modified":"2017-12-13T15:50:52","modified_gmt":"2017-12-13T14:50:52","slug":"portrait","status":"publish","type":"page","link":"http:\/\/nvz-ch.org\/?page_id=11","title":{"rendered":"Portrait"},"content":{"rendered":"<p>Der Numismatische Verein Z\u00fcrich (NVZ), gegr\u00fcndet 1973, ist die gr\u00f6sste Vereinigung von M\u00fcnzenfreunden in der Schweiz. Sammler jeder \u201eStilrichtung\u201c sind im NVZ herzlich willkommen.<\/p>\n<p>Jedes Gebiet ist es wert, die Freude an der M\u00fcnzenkunde zu f\u00f6rdern, deshalb finden sich in unserem Verein, neben den vielen eigentlichen M\u00fcnzensammlern, auch H\u00e4ndler und Wissenschafter, die sich der Numismatik verbunden f\u00fchlen.<\/p>\n<p>Ob Sie:<\/p>\n<ul>\n<li>Banknoten<\/li>\n<li>Kantonsm\u00fcnzen<\/li>\n<li>Notgeld<\/li>\n<li>Motive auf M\u00fcnzen<\/li>\n<li>Chinesische K\u00e4schm\u00fcnzen<\/li>\n<li>Antike M\u00fcnzen aus Griechenland, Rom und Byzanz<\/li>\n<li>Brakteaten<\/li>\n<li>Medaillen<\/li>\n<li>Geld aus aller Welt<\/li>\n<li>Vorm\u00fcnzliche Geldformen<\/li>\n<li>M\u00fcnzproben<\/li>\n<li>Sch\u00fctzentaler und Jetons<\/li>\n<li>Konsumgeld, Milchmarken<\/li>\n<li>Hundemarken<\/li>\n<li>Zeitgen\u00f6ssische F\u00e4lschungen<\/li>\n<li>Schweizerische Bundesm\u00fcnzen<\/li>\n<li>etc.<\/li>\n<\/ul>\n<p>sammeln, Ihr Hobby ist es wert, dass Sie Freunde im Verein treffen k\u00f6nnen.<\/p>\n<p>Interessiert&#8230;?<\/p>\n<p>Wenn Sie erfahren wollen, was in unserem Verein alles los ist, so schauen Sie bei <a href=\"http:\/\/nvz-ch.org\/?page_id=21\">Vereinsanl\u00e4sse<\/a> nach!<\/p>\n","protected":false},"excerpt":{"rendered":"<p>Der Numismatische Verein Z\u00fcrich (NVZ), gegr\u00fcndet 1973, ist die gr\u00f6sste Vereinigung von M\u00fcnzenfreunden in der Schweiz. Sammler jeder \u201eStilrichtung\u201c sind im NVZ herzlich willkommen. Jedes Gebiet ist es wert, die Freude an der M\u00fcnzenkunde zu f\u00f6rdern, deshalb finden sich in unserem Verein, neben den vielen eigentlichen M\u00fcnzensammlern, auch H\u00e4ndler und Wissenschafter, die sich der Numismatik &hellip; <\/p>\n<p class=\"link-more\"><a href=\"http:\/\/nvz-ch.org\/?page_id=11\" class=\"more-link\"><span class=\"screen-reader-text\">&#171;Portrait&#187;<\/span> weiterlesen<\/a><\/p>\n","protected":false},"author":1,"featured_media":0,"parent":0,"menu_order":0,"comment_status":"closed","ping_status":"closed","template":"","meta":[],"_links":{"self":[{"href":"http:\/\/nvz-ch.org\/index.php?rest_route=\/wp\/v2\/pages\/11"}],"collection":[{"href":"http:\/\/nvz-ch.org\/index.php?rest_route=\/wp\/v2\/pages"}],"about":[{"href":"http:\/\/nvz-ch.org\/index.php?rest_route=\/wp\/v2\/types\/page"}],"author":[{"embeddable":true,"href":"http:\/\/nvz-ch.org\/index.php?rest_route=\/wp\/v2\/users\/1"}],"replies":[{"embeddable":true,"href":"http:\/\/nvz-ch.org\/index.php?rest_route=%2Fwp%2Fv2%2Fcomments&post=11"}],"version-history":[{"count":2,"href":"http:\/\/nvz-ch.org\/index.php?rest_route=\/wp\/v2\/pages\/11\/revisions"}],"predecessor-version":[{"id":90,"href":"http:\/\/nvz-ch.org\/index.php?rest_route=\/wp\/v2\/pages\/11\/revisions\/90"}],"wp:attachment":[{"href":"http:\/\/nvz-ch.org\/index.php?rest_route=%2Fwp%2Fv2%2Fmedia&parent=11"}],"curies":[{"name":"wp","href":"https:\/\/api.w.org\/{rel}","templated":true}]}}